{"id":609,"date":"2024-08-27T15:15:28","date_gmt":"2024-08-27T15:15:28","guid":{"rendered":"https:\/\/vickeryimmigration.com\/?page_id=609"},"modified":"2024-12-18T19:12:13","modified_gmt":"2024-12-18T19:12:13","slug":"terms-of-use-statement","status":"publish","type":"page","link":"https:\/\/vickeryimmigration.com\/es\/terms-of-use-statement\/","title":{"rendered":"Descargo de responsabilidad"},"content":{"rendered":"<div style=\"height:50px\" aria-hidden=\"true\" class=\"wp-block-spacer\"><\/div>\n\n\n\n<div class=\"wp-block-cover alignfull wp-duotone-unset-1\"><span aria-hidden=\"true\" class=\"wp-block-cover__background has-primary-background-color has-background-dim-100 has-background-dim\"><\/span><div class=\"wp-block-cover__inner-container is-layout-flow wp-block-cover-is-layout-flow\">\n<p class=\"has-text-align-left has-quaternary-color has-text-color has-link-color has-cormorant-garamond-font-family has-custom-font wp-elements-7e96c3540664a22c46ecd1f72abb8117\" style=\"font-size:70px;font-family:Cormorant Garamond\"><strong>Declaraci\u00f3n de exenci\u00f3n de responsabilidad<\/strong><\/p>\n<\/div><\/div>\n\n\n\n<div class=\"wp-block-columns alignwide is-layout-flex wp-container-core-columns-is-layout-9d6595d7 wp-block-columns-is-layout-flex\">\n<div class=\"wp-block-column is-layout-flow wp-block-column-is-layout-flow\">\n<p>En Vickery Immigration, su privacidad es de suma importancia para nosotros. La informaci\u00f3n que recopilamos a trav\u00e9s de nuestro sitio web se utiliza exclusivamente para mejorar su experiencia de navegaci\u00f3n y brindar contenido relevante para sus necesidades. No compartimos sus datos personales con terceros sin su consentimiento expl\u00edcito, excepto cuando lo exija la ley. Nuestras pr\u00e1cticas garantizan que su informaci\u00f3n se maneje de forma segura y de acuerdo con las regulaciones de protecci\u00f3n de datos aplicables. Al utilizar este sitio, usted acepta la recopilaci\u00f3n y el uso de su informaci\u00f3n como se describe en esta pol\u00edtica.<\/p>\n\n\n\n<p><\/p>\n\n\n\n<p>Para obtener asesoramiento legal espec\u00edfico, analizar sus necesidades de inmigraci\u00f3n o programar una consulta, comun\u00edquese con Alexandra L. Vickery al 512.522.4393 o por correo electr\u00f3nico a alexandra@vickeryimmigration.com.<\/p>\n<\/div>\n<\/div>\n\n\n\n<div class=\"wp-block-group alignfull has-background-color has-white-color has-primary-background-color has-text-color has-background has-link-color wp-elements-95a392ec5e96dec6fa4f8ac48ea7fd00 is-horizontal is-content-justification-center is-layout-flex wp-container-core-group-is-layout-f5701ebd wp-block-group-is-layout-flex\" style=\"min-height:40vh;margin-top:0;margin-bottom:0;padding-top:var(--wp--preset--spacing--40);padding-right:var(--wp--preset--spacing--30);padding-bottom:var(--wp--preset--spacing--40);padding-left:var(--wp--preset--spacing--30)\">\n<div class=\"wp-block-group is-vertical is-content-justification-center is-nowrap is-layout-flex wp-container-core-group-is-layout-73832be3 wp-block-group-is-layout-flex\">\n<figure class=\"wp-block-image size-large is-resized\"><img loading=\"lazy\" decoding=\"async\" width=\"1024\" height=\"1024\" src=\"https:\/\/vickeryimmigration.com\/wp-content\/uploads\/2024\/08\/logo-final-2-02-1024x1024.png\" alt=\"\" class=\"wp-image-281\" style=\"width:146px;height:auto\" srcset=\"https:\/\/vickeryimmigration.com\/wp-content\/uploads\/2024\/08\/logo-final-2-02-1024x1024.png 1024w, https:\/\/vickeryimmigration.com\/wp-content\/uploads\/2024\/08\/logo-final-2-02-300x300.png 300w, https:\/\/vickeryimmigration.com\/wp-content\/uploads\/2024\/08\/logo-final-2-02-150x150.png 150w, https:\/\/vickeryimmigration.com\/wp-content\/uploads\/2024\/08\/logo-final-2-02-768x768.png 768w, https:\/\/vickeryimmigration.com\/wp-content\/uploads\/2024\/08\/logo-final-2-02-12x12.png 12w, https:\/\/vickeryimmigration.com\/wp-content\/uploads\/2024\/08\/logo-final-2-02.png 1080w\" sizes=\"auto, (max-width: 1024px) 100vw, 1024px\" \/><\/figure>\n\n\n\n<h4 class=\"wp-block-heading has-text-align-center has-quaternary-color has-text-color has-link-color wp-elements-b33a13a32dced530c3eb182e1211f8dc\"><strong>Alexandra L. Vickery<\/strong><\/h4>\n\n\n\n<p class=\"has-text-align-center\">1401 Lavaca St. | No. 7136 | | Austin, Texas 78701<\/p>\n\n\n\n<p class=\"has-text-align-center\">Tel\u00e9fono: 512.522.4393 | alexandra@vickeryimmigration.com<\/p>\n\n\n\n<p class=\"has-text-align-center\"><a href=\"https:\/\/vickeryimmigration.com\/es\/terms-of-use-statement\/\">Descargo de responsabilidad<\/a><\/p>\n<\/div>\n<\/div>","protected":false},"excerpt":{"rendered":"<p>At Vickery Immigration, your privacy is of utmost importance to us. The information we collect through our website is used exclusively to enhance your browsing experience and deliver content that is relevant to your needs. We do not share your personal data with third parties without your explicit consent, except as required by law. Our [&hellip;]<\/p>\n","protected":false},"author":1,"featured_media":0,"parent":0,"menu_order":0,"comment_status":"closed","ping_status":"closed","template":"","meta":{"_coblocks_attr":"","_coblocks_dimensions":"","_coblocks_responsive_height":"","_coblocks_accordion_ie_support":"","hide_page_title":"","footnotes":""},"class_list":["post-609","page","type-page","status-publish","hentry"],"yoast_head":"<!-- This site is optimized with the Yoast SEO plugin v27.5 - https:\/\/yoast.com\/product\/yoast-seo-wordpress\/ -->\n<title>Disclaimer - U.S. Immigration Attorney | Alexandra L. Vickery<\/title>\n<meta name=\"robots\" content=\"index, follow, max-snippet:-1, max-image-preview:large, max-video-preview:-1\" \/>\n<link rel=\"canonical\" href=\"https:\/\/vickeryimmigration.com\/es\/terms-of-use-statement\/\" \/>\n<meta property=\"og:locale\" content=\"es_ES\" \/>\n<meta property=\"og:type\" content=\"article\" \/>\n<meta property=\"og:title\" content=\"Disclaimer - U.S. Immigration Attorney | Alexandra L. Vickery\" \/>\n<meta property=\"og:description\" content=\"At Vickery Immigration, your privacy is of utmost importance to us. The information we collect through our website is used exclusively to enhance your browsing experience and deliver content that is relevant to your needs. We do not share your personal data with third parties without your explicit consent, except as required by law. Our [&hellip;]\" \/>\n<meta property=\"og:url\" content=\"https:\/\/vickeryimmigration.com\/es\/terms-of-use-statement\/\" \/>\n<meta property=\"og:site_name\" content=\"U.S. Immigration Attorney | Alexandra L. Vickery\" \/>\n<meta property=\"article:modified_time\" content=\"2024-12-18T19:12:13+00:00\" \/>\n<meta property=\"og:image\" content=\"https:\/\/vickeryimmigration.com\/wp-content\/uploads\/2024\/08\/logo-final-2-02.png\" \/>\n\t<meta property=\"og:image:width\" content=\"1080\" \/>\n\t<meta property=\"og:image:height\" content=\"1080\" \/>\n\t<meta property=\"og:image:type\" content=\"image\/png\" \/>\n<meta name=\"twitter:card\" content=\"summary_large_image\" \/>\n<meta name=\"twitter:label1\" content=\"Tiempo de lectura\" \/>\n\t<meta name=\"twitter:data1\" content=\"1 minuto\" \/>\n<script type=\"application\/ld+json\" class=\"yoast-schema-graph\">{\"@context\":\"https:\\\/\\\/schema.org\",\"@graph\":[{\"@type\":\"WebPage\",\"@id\":\"https:\\\/\\\/vickeryimmigration.com\\\/terms-of-use-statement\\\/\",\"url\":\"https:\\\/\\\/vickeryimmigration.com\\\/terms-of-use-statement\\\/\",\"name\":\"Disclaimer - U.S. Immigration Attorney | Alexandra L. Vickery\",\"isPartOf\":{\"@id\":\"https:\\\/\\\/vickeryimmigration.com\\\/#website\"},\"primaryImageOfPage\":{\"@id\":\"https:\\\/\\\/vickeryimmigration.com\\\/terms-of-use-statement\\\/#primaryimage\"},\"image\":{\"@id\":\"https:\\\/\\\/vickeryimmigration.com\\\/terms-of-use-statement\\\/#primaryimage\"},\"thumbnailUrl\":\"https:\\\/\\\/vickeryimmigration.com\\\/wp-content\\\/uploads\\\/2024\\\/08\\\/logo-final-2-02-1024x1024.png\",\"datePublished\":\"2024-08-27T15:15:28+00:00\",\"dateModified\":\"2024-12-18T19:12:13+00:00\",\"breadcrumb\":{\"@id\":\"https:\\\/\\\/vickeryimmigration.com\\\/terms-of-use-statement\\\/#breadcrumb\"},\"inLanguage\":\"es\",\"potentialAction\":[{\"@type\":\"ReadAction\",\"target\":[\"https:\\\/\\\/vickeryimmigration.com\\\/terms-of-use-statement\\\/\"]}]},{\"@type\":\"ImageObject\",\"inLanguage\":\"es\",\"@id\":\"https:\\\/\\\/vickeryimmigration.com\\\/terms-of-use-statement\\\/#primaryimage\",\"url\":\"https:\\\/\\\/vickeryimmigration.com\\\/wp-content\\\/uploads\\\/2024\\\/08\\\/logo-final-2-02-1024x1024.png\",\"contentUrl\":\"https:\\\/\\\/vickeryimmigration.com\\\/wp-content\\\/uploads\\\/2024\\\/08\\\/logo-final-2-02-1024x1024.png\"},{\"@type\":\"BreadcrumbList\",\"@id\":\"https:\\\/\\\/vickeryimmigration.com\\\/terms-of-use-statement\\\/#breadcrumb\",\"itemListElement\":[{\"@type\":\"ListItem\",\"position\":1,\"name\":\"Home\",\"item\":\"https:\\\/\\\/vickeryimmigration.com\\\/\"},{\"@type\":\"ListItem\",\"position\":2,\"name\":\"Disclaimer\"}]},{\"@type\":\"WebSite\",\"@id\":\"https:\\\/\\\/vickeryimmigration.com\\\/#website\",\"url\":\"https:\\\/\\\/vickeryimmigration.com\\\/\",\"name\":\"U.S. Immigration Attorney | Alexandra L. Vickery\",\"description\":\"Alexandra L. Vickery is an Texas immigration attorney with a decade of experience representing corporations, professionals and individuals\",\"publisher\":{\"@id\":\"https:\\\/\\\/vickeryimmigration.com\\\/#organization\"},\"potentialAction\":[{\"@type\":\"SearchAction\",\"target\":{\"@type\":\"EntryPoint\",\"urlTemplate\":\"https:\\\/\\\/vickeryimmigration.com\\\/?s={search_term_string}\"},\"query-input\":{\"@type\":\"PropertyValueSpecification\",\"valueRequired\":true,\"valueName\":\"search_term_string\"}}],\"inLanguage\":\"es\"},{\"@type\":\"Organization\",\"@id\":\"https:\\\/\\\/vickeryimmigration.com\\\/#organization\",\"name\":\"U.S. Immigration Attorney | Alexandra L. Vickery\",\"url\":\"https:\\\/\\\/vickeryimmigration.com\\\/\",\"logo\":{\"@type\":\"ImageObject\",\"inLanguage\":\"es\",\"@id\":\"https:\\\/\\\/vickeryimmigration.com\\\/#\\\/schema\\\/logo\\\/image\\\/\",\"url\":\"https:\\\/\\\/vickeryimmigration.com\\\/wp-content\\\/uploads\\\/2024\\\/08\\\/cropped-logo-final-2-02.png\",\"contentUrl\":\"https:\\\/\\\/vickeryimmigration.com\\\/wp-content\\\/uploads\\\/2024\\\/08\\\/cropped-logo-final-2-02.png\",\"width\":1079,\"height\":642,\"caption\":\"U.S. Immigration Attorney | Alexandra L. Vickery\"},\"image\":{\"@id\":\"https:\\\/\\\/vickeryimmigration.com\\\/#\\\/schema\\\/logo\\\/image\\\/\"}}]}<\/script>\n<!-- \/ Yoast SEO plugin. -->","yoast_head_json":{"title":"Disclaimer - U.S. Immigration Attorney | Alexandra L. Vickery","robots":{"index":"index","follow":"follow","max-snippet":"max-snippet:-1","max-image-preview":"max-image-preview:large","max-video-preview":"max-video-preview:-1"},"canonical":"https:\/\/vickeryimmigration.com\/es\/terms-of-use-statement\/","og_locale":"es_ES","og_type":"article","og_title":"Disclaimer - U.S. Immigration Attorney | Alexandra L. Vickery","og_description":"At Vickery Immigration, your privacy is of utmost importance to us. The information we collect through our website is used exclusively to enhance your browsing experience and deliver content that is relevant to your needs. We do not share your personal data with third parties without your explicit consent, except as required by law. Our [&hellip;]","og_url":"https:\/\/vickeryimmigration.com\/es\/terms-of-use-statement\/","og_site_name":"U.S. Immigration Attorney | Alexandra L. Vickery","article_modified_time":"2024-12-18T19:12:13+00:00","og_image":[{"width":1080,"height":1080,"url":"https:\/\/vickeryimmigration.com\/wp-content\/uploads\/2024\/08\/logo-final-2-02.png","type":"image\/png"}],"twitter_card":"summary_large_image","twitter_misc":{"Tiempo de lectura":"1 minuto"},"schema":{"@context":"https:\/\/schema.org","@graph":[{"@type":"WebPage","@id":"https:\/\/vickeryimmigration.com\/terms-of-use-statement\/","url":"https:\/\/vickeryimmigration.com\/terms-of-use-statement\/","name":"Disclaimer - U.S. Immigration Attorney | Alexandra L. Vickery","isPartOf":{"@id":"https:\/\/vickeryimmigration.com\/#website"},"primaryImageOfPage":{"@id":"https:\/\/vickeryimmigration.com\/terms-of-use-statement\/#primaryimage"},"image":{"@id":"https:\/\/vickeryimmigration.com\/terms-of-use-statement\/#primaryimage"},"thumbnailUrl":"https:\/\/vickeryimmigration.com\/wp-content\/uploads\/2024\/08\/logo-final-2-02-1024x1024.png","datePublished":"2024-08-27T15:15:28+00:00","dateModified":"2024-12-18T19:12:13+00:00","breadcrumb":{"@id":"https:\/\/vickeryimmigration.com\/terms-of-use-statement\/#breadcrumb"},"inLanguage":"es","potentialAction":[{"@type":"ReadAction","target":["https:\/\/vickeryimmigration.com\/terms-of-use-statement\/"]}]},{"@type":"ImageObject","inLanguage":"es","@id":"https:\/\/vickeryimmigration.com\/terms-of-use-statement\/#primaryimage","url":"https:\/\/vickeryimmigration.com\/wp-content\/uploads\/2024\/08\/logo-final-2-02-1024x1024.png","contentUrl":"https:\/\/vickeryimmigration.com\/wp-content\/uploads\/2024\/08\/logo-final-2-02-1024x1024.png"},{"@type":"BreadcrumbList","@id":"https:\/\/vickeryimmigration.com\/terms-of-use-statement\/#breadcrumb","itemListElement":[{"@type":"ListItem","position":1,"name":"Home","item":"https:\/\/vickeryimmigration.com\/"},{"@type":"ListItem","position":2,"name":"Disclaimer"}]},{"@type":"WebSite","@id":"https:\/\/vickeryimmigration.com\/#website","url":"https:\/\/vickeryimmigration.com\/","name":"Abogada de inmigraci\u00f3n de EE. UU. | Alexandra L. Vickery","description":"Alexandra L. Vickery is an Texas immigration attorney with a decade of experience representing corporations, professionals and individuals","publisher":{"@id":"https:\/\/vickeryimmigration.com\/#organization"},"potentialAction":[{"@type":"SearchAction","target":{"@type":"EntryPoint","urlTemplate":"https:\/\/vickeryimmigration.com\/?s={search_term_string}"},"query-input":{"@type":"PropertyValueSpecification","valueRequired":true,"valueName":"search_term_string"}}],"inLanguage":"es"},{"@type":"Organization","@id":"https:\/\/vickeryimmigration.com\/#organization","name":"Abogada de inmigraci\u00f3n de EE. UU. | Alexandra L. Vickery","url":"https:\/\/vickeryimmigration.com\/","logo":{"@type":"ImageObject","inLanguage":"es","@id":"https:\/\/vickeryimmigration.com\/#\/schema\/logo\/image\/","url":"https:\/\/vickeryimmigration.com\/wp-content\/uploads\/2024\/08\/cropped-logo-final-2-02.png","contentUrl":"https:\/\/vickeryimmigration.com\/wp-content\/uploads\/2024\/08\/cropped-logo-final-2-02.png","width":1079,"height":642,"caption":"U.S. Immigration Attorney | Alexandra L. Vickery"},"image":{"@id":"https:\/\/vickeryimmigration.com\/#\/schema\/logo\/image\/"}}]}},"jetpack_sharing_enabled":true,"_links":{"self":[{"href":"https:\/\/vickeryimmigration.com\/es\/wp-json\/wp\/v2\/pages\/609","targetHints":{"allow":["GET"]}}],"collection":[{"href":"https:\/\/vickeryimmigration.com\/es\/wp-json\/wp\/v2\/pages"}],"about":[{"href":"https:\/\/vickeryimmigration.com\/es\/wp-json\/wp\/v2\/types\/page"}],"author":[{"embeddable":true,"href":"https:\/\/vickeryimmigration.com\/es\/wp-json\/wp\/v2\/users\/1"}],"replies":[{"embeddable":true,"href":"https:\/\/vickeryimmigration.com\/es\/wp-json\/wp\/v2\/comments?post=609"}],"version-history":[{"count":9,"href":"https:\/\/vickeryimmigration.com\/es\/wp-json\/wp\/v2\/pages\/609\/revisions"}],"predecessor-version":[{"id":1001,"href":"https:\/\/vickeryimmigration.com\/es\/wp-json\/wp\/v2\/pages\/609\/revisions\/1001"}],"wp:attachment":[{"href":"https:\/\/vickeryimmigration.com\/es\/wp-json\/wp\/v2\/media?parent=609"}],"curies":[{"name":"wp","href":"https:\/\/api.w.org\/{rel}","templated":true}]}}